{"id":8669,"date":"2019-11-12T15:19:46","date_gmt":"2019-11-12T15:19:46","guid":{"rendered":"https:\/\/discriminationandsexualharassmentlawyers.com\/?page_id=8669"},"modified":"2019-12-16T14:22:08","modified_gmt":"2019-12-16T14:22:08","slug":"abogados-de-discriminacion-en-el-empleo","status":"publish","type":"page","link":"https:\/\/dev.discriminationandsexualharassmentlawyers.com\/es\/espanol\/abogados-de-discriminacion-en-el-empleo\/","title":{"rendered":"Abogados de Discriminaci\u00f3n en el Empleo"},"content":{"rendered":"","protected":false},"excerpt":{"rendered":"","protected":false},"author":1,"featured_media":0,"parent":7843,"menu_order":0,"comment_status":"closed","ping_status":"closed","template":"page-templates\/template-spanish.php","meta":{"_acf_changed":false,"_seopress_robots_primary_cat":"","_seopress_titles_title":"Abogado de Discriminaci\u00f3n en el Empleo | Derecho Laboral | NY-NJ-PA-FL","_seopress_titles_desc":"Si usted o alguien que ama es v\u00edctima de discriminaci\u00f3n laboral en la ciudad de Nueva York, Filadelfia o Miami, llame a nuestros abogados experimentados al (800) 807-2209 para una consulta gratuita. Sin cargo a menos que ganemos","_seopress_robots_index":"","footnotes":""},"class_list":["post-8669","page","type-page","status-publish","hentry"],"acf":[],"_links":{"self":[{"href":"https:\/\/dev.discriminationandsexualharassmentlawyers.com\/es\/wp-json\/wp\/v2\/pages\/8669","targetHints":{"allow":["GET"]}}],"collection":[{"href":"https:\/\/dev.discriminationandsexualharassmentlawyers.com\/es\/wp-json\/wp\/v2\/pages"}],"about":[{"href":"https:\/\/dev.discriminationandsexualharassmentlawyers.com\/es\/wp-json\/wp\/v2\/types\/page"}],"author":[{"embeddable":true,"href":"https:\/\/dev.discriminationandsexualharassmentlawyers.com\/es\/wp-json\/wp\/v2\/users\/1"}],"replies":[{"embeddable":true,"href":"https:\/\/dev.discriminationandsexualharassmentlawyers.com\/es\/wp-json\/wp\/v2\/comments?post=8669"}],"version-history":[{"count":0,"href":"https:\/\/dev.discriminationandsexualharassmentlawyers.com\/es\/wp-json\/wp\/v2\/pages\/8669\/revisions"}],"up":[{"embeddable":true,"href":"https:\/\/dev.discriminationandsexualharassmentlawyers.com\/es\/wp-json\/wp\/v2\/pages\/7843"}],"wp:attachment":[{"href":"https:\/\/dev.discriminationandsexualharassmentlawyers.com\/es\/wp-json\/wp\/v2\/media?parent=8669"}],"curies":[{"name":"wp","href":"https:\/\/api.w.org\/{rel}","templated":true}]}}