{"id":7843,"date":"2019-08-23T07:54:27","date_gmt":"2019-08-23T07:54:27","guid":{"rendered":"https:\/\/discriminationandsexualharassmentlawyers.com\/?page_id=7843"},"modified":"2023-02-07T19:20:43","modified_gmt":"2023-02-07T19:20:43","slug":"espanol","status":"publish","type":"page","link":"https:\/\/dev.discriminationandsexualharassmentlawyers.com\/es\/espanol\/","title":{"rendered":"Espa\u00f1ol"},"content":{"rendered":"","protected":false},"excerpt":{"rendered":"","protected":false},"author":1,"featured_media":0,"parent":0,"menu_order":0,"comment_status":"closed","ping_status":"closed","template":"page-templates\/template-spanish.php","meta":{"_acf_changed":false,"_seopress_robots_primary_cat":"","_seopress_titles_title":"Mejor Abogada de Acoso Sexual y Discriminaci\u00f3n Laboral","_seopress_titles_desc":"No se demore con su caso de agresi\u00f3n sexual, acoso sexual o discriminaci\u00f3n laboral. Llame al mejor abogado de la ciudad de Nueva York, Miami, Filadelfia, Los \u00c1ngeles y San Francisco para una consulta gratuita al 800-807-2209.","_seopress_robots_index":"","footnotes":""},"class_list":["post-7843","page","type-page","status-publish","hentry"],"acf":[],"_links":{"self":[{"href":"https:\/\/dev.discriminationandsexualharassmentlawyers.com\/es\/wp-json\/wp\/v2\/pages\/7843","targetHints":{"allow":["GET"]}}],"collection":[{"href":"https:\/\/dev.discriminationandsexualharassmentlawyers.com\/es\/wp-json\/wp\/v2\/pages"}],"about":[{"href":"https:\/\/dev.discriminationandsexualharassmentlawyers.com\/es\/wp-json\/wp\/v2\/types\/page"}],"author":[{"embeddable":true,"href":"https:\/\/dev.discriminationandsexualharassmentlawyers.com\/es\/wp-json\/wp\/v2\/users\/1"}],"replies":[{"embeddable":true,"href":"https:\/\/dev.discriminationandsexualharassmentlawyers.com\/es\/wp-json\/wp\/v2\/comments?post=7843"}],"version-history":[{"count":0,"href":"https:\/\/dev.discriminationandsexualharassmentlawyers.com\/es\/wp-json\/wp\/v2\/pages\/7843\/revisions"}],"wp:attachment":[{"href":"https:\/\/dev.discriminationandsexualharassmentlawyers.com\/es\/wp-json\/wp\/v2\/media?parent=7843"}],"curies":[{"name":"wp","href":"https:\/\/api.w.org\/{rel}","templated":true}]}}